{"id":777,"date":"2021-06-21T10:49:33","date_gmt":"2021-06-21T07:49:33","guid":{"rendered":"https:\/\/www.taurupesskola.lv\/mazozoli\/?page_id=777"},"modified":"2021-06-21T10:49:33","modified_gmt":"2021-06-21T07:49:33","slug":"skolas-vesture","status":"publish","type":"page","link":"https:\/\/www.taurupesskola.lv\/mazozoli\/par-skolu\/skolas-vesture\/","title":{"rendered":"Skolas v\u0113sture"},"content":{"rendered":"<h1>Pieejama skolas gr\u0101mata<\/h1>\n<blockquote>\n<h2>Pieejama skolas gr\u0101mata<\/h2>\n<\/blockquote>\n<h3>Pieejama skolas gr\u0101mata<\/h3>\n<h4>Pieejama skolas gr\u0101mata<\/h4>\n<p><a href=\"https:\/\/drive.google.com\/file\/d\/14-3JzXMAHjyqZAs3tIEOUY-noTqGk32u\/view?usp=sharing\" target=\"_blank\" rel=\"noopener\">&#8220;Mana skola gadu simte\u0146os&#8221;<\/a><\/p>\n<h2>M\u016bsu absolventi<\/h2>\n<ul>\n<li><a href=\"https:\/\/www.delfi.lv\/\" target=\"_blank\" rel=\"noopener\">12. klases 1990.-2016. gads<\/a><\/li>\n<li><a href=\"https:\/\/www.delfi.lv\/\" target=\"_blank\" rel=\"noopener\">9. klases 1990.-2016. gads<\/a><\/li>\n<li><a href=\"https:\/\/www.delfi.lv\/\" target=\"_blank\" rel=\"noopener\">1962.-1989. gads<\/a><\/li>\n<li><a href=\"https:\/\/www.delfi.lv\/\" target=\"_blank\" rel=\"noopener\">1936.-1960. gads<\/a><\/li>\n<\/ul>\n<h2>Skolas direktori<\/h2>\n<ul>\n<li><a href=\"https:\/\/www.delfi.lv\/\" target=\"_blank\" rel=\"noopener\">J\u0101nis B\u0113rzi\u0146\u0161<\/a><\/li>\n<li><a href=\"https:\/\/www.delfi.lv\/\" target=\"_blank\" rel=\"noopener\">Aina B\u0113rzi\u0146a<\/a><\/li>\n<li><a href=\"https:\/\/www.delfi.lv\/\" target=\"_blank\" rel=\"noopener\">D\u0101vis Ziemelis<\/a><\/li>\n<\/ul>\n<h2>Skolas v\u0113sture gadskait\u013cos<\/h2>\n<table class=\" alignleft\" style=\"border-style: dotted\">\n<tbody>\n<tr>\n<td><\/td>\n<td><\/td>\n<\/tr>\n<tr>\n<td><span style=\"font-weight: 400\">1886.gad\u0101 dibina skolu. (Pirmais pasaules kar\u0161 p\u0101rtrauc skolas darb\u012bbu)<\/span><\/td>\n<td><span style=\"font-weight: 400\"><img loading=\"lazy\" decoding=\"async\" class=\"alignnone wp-image-735\" src=\"http:\/\/www.taurupesskola.lv\/mazozoli\/wp-content\/uploads\/sites\/3\/2021\/06\/Demo_skola-300x200.png\" alt=\"Tu esi skolu vienotaj\u0101 platform\u0101\" width=\"185\" height=\"123\" srcset=\"https:\/\/www.taurupesskola.lv\/mazozoli\/wp-content\/uploads\/sites\/3\/2021\/06\/Demo_skola-300x200.png 300w, https:\/\/www.taurupesskola.lv\/mazozoli\/wp-content\/uploads\/sites\/3\/2021\/06\/Demo_skola-1024x684.png 1024w, https:\/\/www.taurupesskola.lv\/mazozoli\/wp-content\/uploads\/sites\/3\/2021\/06\/Demo_skola-768x513.png 768w, https:\/\/www.taurupesskola.lv\/mazozoli\/wp-content\/uploads\/sites\/3\/2021\/06\/Demo_skola.png 1280w\" sizes=\"auto, (max-width: 185px) 100vw, 185px\" \/><\/span><\/td>\n<\/tr>\n<tr>\n<td><span style=\"font-weight: 400\">1920.g. ats\u0101kas skolas m\u0101c\u012bbu darbs.<\/span><\/td>\n<td><\/td>\n<\/tr>\n<tr>\n<td><span style=\"font-weight: 400\">1926.g.oktobr\u012b jaunas skolas \u0113ka tiek pabeigta un iesv\u0113t\u012bta.<\/span><\/td>\n<td><\/td>\n<\/tr>\n<tr>\n<td><span style=\"font-weight: 400\">1927.g. skola ir 6.-gad\u012bg\u0101 pamatskola<\/span><\/td>\n<td><\/td>\n<\/tr>\n<tr>\n<td><span style=\"font-weight: 400\">50.gadu s\u0101kum\u0101 skolas apk\u0101rtne s\u0101k p\u0101rveidoties.<\/span><\/td>\n<td><\/td>\n<\/tr>\n<tr>\n<td><span style=\"font-weight: 400\">60.gados pabeidz sporta laukuma izveido\u0161anu.<\/span><\/td>\n<td><\/td>\n<\/tr>\n<tr>\n<td><span style=\"font-weight: 400\">1971.gad\u0101 tiek pabeigta sporta z\u0101le. Ievelk centr\u0101lo apkuri. Skol\u0101 ievie\u0161 kabineta sist\u0113mu.<\/span><\/td>\n<td><\/td>\n<\/tr>\n<tr>\n<td><span style=\"font-weight: 400\">1977.g.tiek uzcelta troses laipa p\u0101r Iecavas upi, kas sa\u012bsina skol\u0113niem ce\u013ca att\u0101lumu uz skolu.<\/span><\/td>\n<td><\/td>\n<\/tr>\n<tr>\n<td><span style=\"font-weight: 400\">1986.g.skolai 100 gadu jubileja. Pa godu skolas past\u0101v\u0113\u0161anai tie atkl\u0101ts piemi\u0146as akmens<\/span><\/td>\n<td><\/td>\n<\/tr>\n<tr>\n<td><span style=\"font-weight: 400\">1988. g. uz vec\u0101 skolas malkas \u0161\u0137\u016b\u0146a pamatiem tiek uzcelta pieb\u016bve, kur\u0101 iek\u0101rtoti m\u0101jtur\u012bbas un amatu. kabineti un pirmsskolas grupas telpas.<\/span><\/td>\n<td><\/td>\n<\/tr>\n<tr>\n<td><span style=\"font-weight: 400\">1990.g. tiek noasfalt\u0113ts ce\u013c\u0161 uz skolu.<\/span><\/td>\n<td><\/td>\n<\/tr>\n<tr>\n<td><span style=\"font-weight: 400\">1993.g.sporta z\u0101les balkons tiek aizm\u016br\u0113ts un tiek pl\u0101nots veidot skolas muzejs.<\/span><\/td>\n<td><\/td>\n<\/tr>\n<tr>\n<td><span style=\"font-weight: 400\">1996.g. \u2013skolas 110.gadu jubileja.<\/span><\/td>\n<td><\/td>\n<\/tr>\n<tr>\n<td><span style=\"font-weight: 400\">2001.g.1.septembris \u2013tiek atkl\u0101ts skolas uzraksts ar skolas dibin\u0101\u0161anas gadu.<\/span><\/td>\n<td><\/td>\n<\/tr>\n<tr>\n<td><span style=\"font-weight: 400\">2001.gads 16.novembris skola svin savas skolas karoga atkl\u0101\u0161anu un t\u0101 iesv\u0113t\u012b\u0161anu.<\/span><\/td>\n<td><\/td>\n<\/tr>\n<tr>\n<td><span style=\"font-weight: 400\">2001.g. skola sa\u0146em atzin\u012bbas rakstu par sakopt\u0101ko dz\u012bves telpu<\/span><\/td>\n<td><\/td>\n<\/tr>\n<tr>\n<td><span style=\"font-weight: 400\">2003. g. sadarb\u012bb\u0101 ar \u201ePhilips\u201d tiek realiz\u0113ts projekts \u201dGai\u0161\u0101 skola\u201d<\/span><\/td>\n<td><\/td>\n<\/tr>\n<tr>\n<td><span style=\"font-weight: 400\">2003.g. pie skolas par pagasta iedz\u012bvot\u0101ju ziedojumiem tiek atkl\u0101ts piemi\u0146as akmens okup\u0101cijas varas cietu\u0161ajiem.<\/span><\/td>\n<td><\/td>\n<\/tr>\n<tr>\n<td><span style=\"font-weight: 400\">2005.g.skolot\u0101ju aktivit\u0101t\u0113 \u201eSkolmeistaru kauss\u201d tiek ieg\u016bta 3. vieta.<\/span><\/td>\n<td><\/td>\n<\/tr>\n<tr>\n<td><span style=\"font-weight: 400\">2005.g. skolas z\u0101lei tiek main\u012bti logi.<\/span><\/td>\n<td><\/td>\n<\/tr>\n<tr>\n<td><span style=\"font-weight: 400\">2006.gads-tiek sakompon\u0113ta skolas himna.<\/span><\/td>\n<td><\/td>\n<\/tr>\n<tr>\n<td><span style=\"font-weight: 400\">2008.gads \u2013Pirmsskolas b\u0113rniem izveidots rota\u013claukums .<\/span><\/td>\n<td><\/td>\n<\/tr>\n<tr>\n<td><span style=\"font-weight: 400\">2008.gads-skolas sporta laukuma gal\u0101 tiek uzm\u016br\u0113ts dekorat\u012bvs m\u016bris un apza\u013cumots.<\/span><\/td>\n<td><\/td>\n<\/tr>\n<tr>\n<td><span style=\"font-weight: 400\">2009.gads skol\u0101 sporta z\u0101les korpusam tiek veikta renov\u0101cija par<\/span><\/td>\n<td><\/td>\n<\/tr>\n<tr>\n<td><span style=\"font-weight: 400\">106 000 ls v\u0113rt\u012bb\u0101.<\/span><\/td>\n<td><\/td>\n<\/tr>\n<tr>\n<td><span style=\"font-weight: 400\">2010.gads-skolas tre\u0161\u0101 st\u0101va \u0113kas lab\u0101 sp\u0101rna iek\u0161telpu p\u0101rb\u016bve,skolas bibliot\u0113kas labiek\u0101rto\u0161ana.<\/span><\/td>\n<td><\/td>\n<\/tr>\n<tr>\n<td><span style=\"font-weight: 400\">2011.gads. \u2013 skolas tre\u0161\u0101 st\u0101va \u0113kas kreis\u0101 sp\u0101rna iek\u0161telpu p\u0101rb\u016bve.<\/span><\/td>\n<td><\/td>\n<\/tr>\n<tr>\n<td><span style=\"font-weight: 400\">2012.gads \u2013 renov\u0113tas skolas tualetes.<\/span><\/td>\n<td><\/td>\n<\/tr>\n<tr>\n<td><span style=\"font-weight: 400\">2013.gads. \u2013 skolas virtuves renov\u0101cija, 2.st\u0101v\u0101 kla\u0161u telpa.<\/span><\/td>\n<td><\/td>\n<\/tr>\n<tr>\n<td><span style=\"font-weight: 400\">2014.gads.- kapit\u0101lais remonts 3.st\u0101va<\/span><\/td>\n<td><\/td>\n<\/tr>\n<tr>\n<td><span style=\"font-weight: 400\">Matem\u0101tikas kabinets, otr\u0101 st\u0101va labaj\u0101 puses da\u013c\u0101 m\u016bzika un s\u0101kumklases telpas.<\/span><\/td>\n<td><\/td>\n<\/tr>\n<tr>\n<td><span style=\"font-weight: 400\">2015.gads.- renov\u0113ta gu\u013cba\u013c\u0137u \u0113ka un kapit\u0101lais remonts 2.st\u0101va \u0137\u012bmijas kabinets<\/span><\/td>\n<td><\/td>\n<\/tr>\n<tr>\n<td><span style=\"font-weight: 400\">2016.gads \u2013 2.st\u0101v\u0101 renov\u0113tas 4 klases, gaitenis un direktores kabinets. Uzcelta \u0113ka , kur\u0101 ir skolas gar\u0101\u017ea un saimnieciskais invent\u0101rs.<\/span><\/td>\n<td><\/td>\n<\/tr>\n<tr>\n<td><span style=\"font-weight: 400\">Izdota gr\u0101mata par skolas v\u0113sturi un atkl\u0101ts skolas muzejs. Skola svin 130.gadu jubileju.<\/span><\/td>\n<td><\/td>\n<\/tr>\n<tr>\n<td><span style=\"font-weight: 400\">2017.gads.- skol\u0101 tika veikta k\u0101p\u0146u telpas renov\u0101cija.<\/span><\/td>\n<td><\/td>\n<\/tr>\n<tr>\n<td><span style=\"font-weight: 400\">2018.gads \u2013 z\u0113nu un meite\u0146u m\u0101jtur\u012bbas un tehnolo\u0123ijas kabinetu, pirmsskolas k\u0101p\u0146u telpas un gaite\u0146u vienk\u0101r\u0161ot\u0101 renov\u0101cija.<\/span><\/td>\n<td><\/td>\n<\/tr>\n<tr>\n<td><span style=\"font-weight: 400\">Pie skolas tapis jaunais tilti\u0146\u0161 p\u0101r Iecavas upi.Tilti\u0146\u0161-\u201cGarozi\u0146\u0161\u201d<\/span><\/td>\n<td><\/td>\n<\/tr>\n<tr>\n<td><span style=\"font-weight: 400\">2019.gads \u2013 pirm\u0101 st\u0101va galven\u0101s ieejas gaitenis, garderobe, kabineti &#8211; latv. val. un ang\u013cu val .<\/span><\/td>\n<td><\/td>\n<\/tr>\n<tr>\n<td style=\"text-align: left\"><span style=\"font-weight: 400\">2020.gads \u2013 pabeigta visas skolas renov\u0101cija. Iek\u0101rtoti pirmaj\u0101 st\u0101v\u0101 administr\u0101cijas kabineti \u2013 direktores, direktoru vietnieku un skolot\u0101ju istabas kop\u0101 ar skolas lietved\u012bbu. Skolas teritorij\u0101 da\u013c\u0113ja renov\u0101cija tika veikta skolas sporta laukum\u0101 \u2013 no jauna segums basketbola laukumam un jaunu grozu uzst\u0101d\u012b\u0161ana, futbola laukuma virmas atjauno\u0161ana, volejbola laukuma izveido\u0161ana, skrejce\u013ca virsmas izveide un atbilsto\u0161a seguma uzkl\u0101\u0161ana. Sak\u0146u, aug\u013cu un ogul\u0101ju d\u0101rza izveido\u0161ana . \u0100rstniec\u012bbu augu d\u0101rz\u0101 izveido\u0161ana un iekop\u0161ana. D\u0101rza no\u017eogojuma uzst\u0101d\u012b\u0161ana.<\/span><\/td>\n<td style=\"text-align: left\"><\/td>\n<\/tr>\n<\/tbody>\n<\/table>\n<p>&nbsp;<\/p>\n","protected":false},"excerpt":{"rendered":"<p>Pieejama skolas gr\u0101mata Pieejama skolas gr\u0101mata Pieejama skolas gr\u0101mata Pieejama skolas gr\u0101mata &#8220;Mana skola gadu simte\u0146os&#8221; M\u016bsu absolventi 12. klases 1990.-2016. gads 9. klases 1990.-2016. gads 1962.-1989. gads 1936.-1960. gads Skolas direktori J\u0101nis B\u0113rzi\u0146\u0161 Aina B\u0113rzi\u0146a D\u0101vis Ziemelis Skolas v\u0113sture gadskait\u013cos 1886.gad\u0101 dibina skolu. (Pirmais pasaules kar\u0161 p\u0101rtrauc skolas darb\u012bbu) 1920.g. ats\u0101kas skolas m\u0101c\u012bbu darbs. [&hellip;]<\/p>\n","protected":false},"author":1,"featured_media":0,"parent":140,"menu_order":5,"comment_status":"closed","ping_status":"closed","template":"","meta":{"_acf_changed":false,"footnotes":""},"class_list":["post-777","page","type-page","status-publish","hentry"],"acf":[],"_links":{"self":[{"href":"https:\/\/www.taurupesskola.lv\/mazozoli\/wp-json\/wp\/v2\/pages\/777","targetHints":{"allow":["GET"]}}],"collection":[{"href":"https:\/\/www.taurupesskola.lv\/mazozoli\/wp-json\/wp\/v2\/pages"}],"about":[{"href":"https:\/\/www.taurupesskola.lv\/mazozoli\/wp-json\/wp\/v2\/types\/page"}],"author":[{"embeddable":true,"href":"https:\/\/www.taurupesskola.lv\/mazozoli\/wp-json\/wp\/v2\/users\/1"}],"replies":[{"embeddable":true,"href":"https:\/\/www.taurupesskola.lv\/mazozoli\/wp-json\/wp\/v2\/comments?post=777"}],"version-history":[{"count":0,"href":"https:\/\/www.taurupesskola.lv\/mazozoli\/wp-json\/wp\/v2\/pages\/777\/revisions"}],"up":[{"embeddable":true,"href":"https:\/\/www.taurupesskola.lv\/mazozoli\/wp-json\/wp\/v2\/pages\/140"}],"wp:attachment":[{"href":"https:\/\/www.taurupesskola.lv\/mazozoli\/wp-json\/wp\/v2\/media?parent=777"}],"curies":[{"name":"wp","href":"https:\/\/api.w.org\/{rel}","templated":true}]}}