{"id":763,"date":"2021-06-21T10:25:14","date_gmt":"2021-06-21T07:25:14","guid":{"rendered":"https:\/\/www.taurupesskola.lv\/mazozoli\/?page_id=763"},"modified":"2026-04-09T07:29:46","modified_gmt":"2026-04-09T07:29:46","slug":"stundu-laiki","status":"publish","type":"page","link":"https:\/\/www.taurupesskola.lv\/mazozoli\/sakumlapa\/sakumlapa-demo\/stundu-laiki\/","title":{"rendered":"Stundu laiki Mazozolu fili\u0101l\u0113"},"content":{"rendered":"<h3>Stundu laiki 1.-9. klasei<\/h3>\n<table dir=\"ltr\" style=\"width: 87.3346%; height: 312px;\" border=\"1\" cellspacing=\"0\" cellpadding=\"0\">\n<colgroup>\n<col width=\"113\" \/>\n<col width=\"126\" \/>\n<col width=\"131\" \/>\n<col width=\"143\" \/>\n<col width=\"100\" \/>\n<col width=\"100\" \/><\/colgroup>\n<tbody>\n<tr style=\"height: 72px;\">\n<td style=\"height: 72px; width: 15.8114%;\" data-sheets-value=\"{&quot;1&quot;:2,&quot;2&quot;:&quot;M\u0101c\u012bbu stunda&quot;}\"><span style=\"color: #ffffff;\"><em><strong>M\u0101c\u012bbu stunda<\/strong><\/em><\/span><\/td>\n<td style=\"height: 72px; width: 17.6144%;\" data-sheets-value=\"{&quot;1&quot;:2,&quot;2&quot;:&quot;Laik no &quot;}\"><span style=\"color: #ffffff;\"><em><strong>Laik no<\/strong><\/em><\/span><\/td>\n<td style=\"height: 72px; width: 18.3079%;\" data-sheets-value=\"{&quot;1&quot;:2,&quot;2&quot;:&quot;Laiks l\u012bdzi&quot;}\"><span style=\"color: #ffffff;\"><em><strong>Laiks l\u012bdzi<\/strong><\/em><\/span><\/td>\n<td style=\"height: 72px; width: 23.0236%;\" data-sheets-value=\"{&quot;1&quot;:2,&quot;2&quot;:&quot;Pusdienu starpbr\u012bdis vai \u012bpa\u0161a piez\u012bme&quot;}\"><span style=\"color: #ffffff;\"><em><strong>Pusdienu starpbr\u012bdis vai \u012bpa\u0161a piez\u012bme<\/strong><\/em><\/span><\/td>\n<\/tr>\n<tr style=\"height: 24px;\">\n<td style=\"height: 24px; width: 15.8114%;\" data-sheets-value=\"{&quot;1&quot;:2,&quot;2&quot;:&quot;0. stunda&quot;}\">0. stunda<\/td>\n<td style=\"height: 24px; width: 17.6144%;\"><\/td>\n<td style=\"height: 24px; width: 18.3079%;\"><\/td>\n<td style=\"height: 24px; width: 23.0236%;\"><\/td>\n<\/tr>\n<tr style=\"height: 24px;\">\n<td style=\"height: 24px; width: 15.8114%;\" data-sheets-value=\"{&quot;1&quot;:2,&quot;2&quot;:&quot;1. stunda&quot;}\">1. stunda<\/td>\n<td style=\"height: 24px; width: 17.6144%;\" data-sheets-value=\"{&quot;1&quot;:3,&quot;3&quot;:8.3}\" data-sheets-numberformat=\"{&quot;1&quot;:2,&quot;2&quot;:&quot;0.00&quot;,&quot;3&quot;:1}\">8.30<\/td>\n<td style=\"height: 24px; width: 18.3079%;\" data-sheets-value=\"{&quot;1&quot;:3,&quot;3&quot;:9.1}\" data-sheets-numberformat=\"{&quot;1&quot;:2,&quot;2&quot;:&quot;0.00&quot;,&quot;3&quot;:1}\">9.10<\/td>\n<td style=\"height: 24px; width: 23.0236%;\"><\/td>\n<\/tr>\n<tr style=\"height: 24px;\">\n<td style=\"height: 24px; width: 15.8114%;\" data-sheets-value=\"{&quot;1&quot;:2,&quot;2&quot;:&quot;2. stunda&quot;}\">2. stunda<\/td>\n<td style=\"height: 24px; width: 17.6144%;\" data-sheets-value=\"{&quot;1&quot;:3,&quot;3&quot;:9.2}\" data-sheets-numberformat=\"{&quot;1&quot;:2,&quot;2&quot;:&quot;0.00&quot;,&quot;3&quot;:1}\">9.20<\/td>\n<td style=\"height: 24px; width: 18.3079%;\" data-sheets-value=\"{&quot;1&quot;:3,&quot;3&quot;:10}\" data-sheets-numberformat=\"{&quot;1&quot;:2,&quot;2&quot;:&quot;0.00&quot;,&quot;3&quot;:1}\">10.00<\/td>\n<td style=\"height: 24px; width: 23.0236%;\"><\/td>\n<\/tr>\n<tr style=\"height: 24px;\">\n<td style=\"height: 24px; width: 15.8114%;\" data-sheets-value=\"{&quot;1&quot;:2,&quot;2&quot;:&quot;3. stunda&quot;}\">3. stunda<\/td>\n<td style=\"height: 24px; width: 17.6144%;\" data-sheets-value=\"{&quot;1&quot;:3,&quot;3&quot;:10.1}\" data-sheets-numberformat=\"{&quot;1&quot;:2,&quot;2&quot;:&quot;0.00&quot;,&quot;3&quot;:1}\">10.10<\/td>\n<td style=\"height: 24px; width: 18.3079%;\" data-sheets-value=\"{&quot;1&quot;:3,&quot;3&quot;:10.5}\" data-sheets-numberformat=\"{&quot;1&quot;:2,&quot;2&quot;:&quot;0.00&quot;,&quot;3&quot;:1}\">10.50<\/td>\n<td style=\"height: 24px; width: 23.0236%;\"><\/td>\n<\/tr>\n<tr style=\"height: 48px;\">\n<td style=\"height: 48px; width: 15.8114%;\" data-sheets-value=\"{&quot;1&quot;:2,&quot;2&quot;:&quot;4. stunda&quot;}\">4. stunda<\/td>\n<td style=\"height: 48px; width: 17.6144%;\" data-sheets-value=\"{&quot;1&quot;:3,&quot;3&quot;:11}\" data-sheets-numberformat=\"{&quot;1&quot;:2,&quot;2&quot;:&quot;0.00&quot;,&quot;3&quot;:1}\">11.00<\/td>\n<td style=\"height: 48px; width: 18.3079%;\" data-sheets-value=\"{&quot;1&quot;:3,&quot;3&quot;:11.4}\" data-sheets-numberformat=\"{&quot;1&quot;:2,&quot;2&quot;:&quot;0.00&quot;,&quot;3&quot;:1}\">11.40<\/td>\n<td style=\"height: 48px; width: 23.0236%;\">Pusdienas 1.-9.klase<\/td>\n<\/tr>\n<tr style=\"height: 24px;\">\n<td style=\"height: 24px; width: 15.8114%;\" data-sheets-value=\"{&quot;1&quot;:2,&quot;2&quot;:&quot;5. stunda&quot;}\">5. stunda<\/td>\n<td style=\"height: 24px; width: 17.6144%;\" data-sheets-value=\"{&quot;1&quot;:3,&quot;3&quot;:11.5}\" data-sheets-numberformat=\"{&quot;1&quot;:2,&quot;2&quot;:&quot;0.00&quot;,&quot;3&quot;:1}\">11.55<\/td>\n<td style=\"height: 24px; width: 18.3079%;\" data-sheets-value=\"{&quot;1&quot;:3,&quot;3&quot;:12.3}\" data-sheets-numberformat=\"{&quot;1&quot;:2,&quot;2&quot;:&quot;0.00&quot;,&quot;3&quot;:1}\">12.35<\/td>\n<td style=\"height: 24px; width: 23.0236%;\" data-sheets-value=\"{&quot;1&quot;:2,&quot;2&quot;:&quot;Pusdienas 12.30-13.00(7.-9.klase)&quot;}\"><\/td>\n<\/tr>\n<tr style=\"height: 24px;\">\n<td style=\"height: 24px; width: 15.8114%;\" data-sheets-value=\"{&quot;1&quot;:2,&quot;2&quot;:&quot;6. stunda&quot;}\">6. stunda<\/td>\n<td style=\"height: 24px; width: 17.6144%;\" data-sheets-value=\"{&quot;1&quot;:3,&quot;3&quot;:13}\" data-sheets-numberformat=\"{&quot;1&quot;:2,&quot;2&quot;:&quot;0.00&quot;,&quot;3&quot;:1}\">12.50<\/td>\n<td style=\"height: 24px; width: 18.3079%;\" data-sheets-value=\"{&quot;1&quot;:3,&quot;3&quot;:13.4}\" data-sheets-numberformat=\"{&quot;1&quot;:2,&quot;2&quot;:&quot;0.00&quot;,&quot;3&quot;:1}\">13.30<\/td>\n<td style=\"height: 24px; width: 23.0236%;\"><\/td>\n<\/tr>\n<tr style=\"height: 24px;\">\n<td style=\"height: 24px; width: 15.8114%;\" data-sheets-value=\"{&quot;1&quot;:2,&quot;2&quot;:&quot;7. stunda&quot;}\">7. stunda<\/td>\n<td style=\"height: 24px; width: 17.6144%;\" data-sheets-value=\"{&quot;1&quot;:3,&quot;3&quot;:13.5}\" data-sheets-numberformat=\"{&quot;1&quot;:2,&quot;2&quot;:&quot;0.00&quot;,&quot;3&quot;:1}\">13.35<\/td>\n<td style=\"height: 24px; width: 18.3079%;\" data-sheets-value=\"{&quot;1&quot;:3,&quot;3&quot;:14.3}\" data-sheets-numberformat=\"{&quot;1&quot;:2,&quot;2&quot;:&quot;0.00&quot;,&quot;3&quot;:1}\">14.15<\/td>\n<td style=\"height: 24px; width: 23.0236%;\"><\/td>\n<\/tr>\n<tr style=\"height: 24px;\">\n<td style=\"height: 24px; width: 15.8114%;\" data-sheets-value=\"{&quot;1&quot;:2,&quot;2&quot;:&quot;8. stunda&quot;}\">8. stunda<\/td>\n<td style=\"height: 24px; width: 17.6144%;\" data-sheets-value=\"{&quot;1&quot;:3,&quot;3&quot;:14.35}\" data-sheets-numberformat=\"{&quot;1&quot;:2,&quot;2&quot;:&quot;0.00&quot;,&quot;3&quot;:1}\">14.20<\/td>\n<td style=\"height: 24px; width: 18.3079%;\" data-sheets-value=\"{&quot;1&quot;:3,&quot;3&quot;:15.15}\" data-sheets-numberformat=\"{&quot;1&quot;:2,&quot;2&quot;:&quot;0.00&quot;,&quot;3&quot;:1}\">15.00<\/td>\n<td style=\"height: 24px; width: 23.0236%;\"><\/td>\n<\/tr>\n<\/tbody>\n<\/table>\n","protected":false},"excerpt":{"rendered":"<p>Stundu laiki 1.-9. klasei M\u0101c\u012bbu stunda Laik no Laiks l\u012bdzi Pusdienu starpbr\u012bdis vai \u012bpa\u0161a piez\u012bme 0. stunda 1. stunda 8.30 9.10 2. stunda 9.20 10.00 3. stunda 10.10 10.50 4. stunda 11.00 11.40 Pusdienas 1.-9.klase 5. stunda 11.55 12.35 6. stunda 12.50 13.30 7. stunda 13.35 14.15 8. stunda 14.20 15.00<\/p>\n","protected":false},"author":1,"featured_media":0,"parent":694,"menu_order":1,"comment_status":"closed","ping_status":"closed","template":"","meta":{"_acf_changed":false,"footnotes":""},"class_list":["post-763","page","type-page","status-publish","hentry"],"acf":[],"_links":{"self":[{"href":"https:\/\/www.taurupesskola.lv\/mazozoli\/wp-json\/wp\/v2\/pages\/763","targetHints":{"allow":["GET"]}}],"collection":[{"href":"https:\/\/www.taurupesskola.lv\/mazozoli\/wp-json\/wp\/v2\/pages"}],"about":[{"href":"https:\/\/www.taurupesskola.lv\/mazozoli\/wp-json\/wp\/v2\/types\/page"}],"author":[{"embeddable":true,"href":"https:\/\/www.taurupesskola.lv\/mazozoli\/wp-json\/wp\/v2\/users\/1"}],"replies":[{"embeddable":true,"href":"https:\/\/www.taurupesskola.lv\/mazozoli\/wp-json\/wp\/v2\/comments?post=763"}],"version-history":[{"count":4,"href":"https:\/\/www.taurupesskola.lv\/mazozoli\/wp-json\/wp\/v2\/pages\/763\/revisions"}],"predecessor-version":[{"id":2039,"href":"https:\/\/www.taurupesskola.lv\/mazozoli\/wp-json\/wp\/v2\/pages\/763\/revisions\/2039"}],"up":[{"embeddable":true,"href":"https:\/\/www.taurupesskola.lv\/mazozoli\/wp-json\/wp\/v2\/pages\/694"}],"wp:attachment":[{"href":"https:\/\/www.taurupesskola.lv\/mazozoli\/wp-json\/wp\/v2\/media?parent=763"}],"curies":[{"name":"wp","href":"https:\/\/api.w.org\/{rel}","templated":true}]}}