{"id":749,"date":"2021-06-21T09:55:41","date_gmt":"2021-06-21T06:55:41","guid":{"rendered":"https:\/\/www.taurupesskola.lv\/mazozoli\/?page_id=749"},"modified":"2026-04-09T07:31:33","modified_gmt":"2026-04-09T07:31:33","slug":"skolas-autobuss","status":"publish","type":"page","link":"https:\/\/www.taurupesskola.lv\/mazozoli\/sakumlapa\/sakumlapa-demo\/skolas-autobuss\/","title":{"rendered":"Mazozolu skolas autobuss"},"content":{"rendered":"<p><strong>Skol\u0113nu autobusa mar\u0161ruti un brauk\u0161anas laiki 2025.\/2026.m.g. <\/strong><\/p>\n<p><strong><u>No r\u012bta uz skolu<\/u><\/strong><\/p>\n<p>&nbsp;<\/p>\n<p>1.reiss plkst. 7.45 no \u0112rg\u013ciem uz skolu<\/p>\n<p>2.reiss plkst. 8.05 no Taurupes uz skolu<\/p>\n<p><strong><u>P\u0113cpusdien\u0101 uz m\u0101j\u0101m<\/u><\/strong><\/p>\n<p>1.reiss plkst. 14.50 no skolas uz \u0112rg\u013ciem<\/p>\n<p>(ceturdien\u0101s )2.reiss plkst. 15.30 no skolas uz \u0112rg\u013ciem<\/p>\n<p>3.reiss plkst. 15.20 no skolas uz Taurupi<\/p>\n","protected":false},"excerpt":{"rendered":"<p>Skol\u0113nu autobusa mar\u0161ruti un brauk\u0161anas laiki 2025.\/2026.m.g. No r\u012bta uz skolu &nbsp; 1.reiss plkst. 7.45 no \u0112rg\u013ciem uz skolu 2.reiss plkst. 8.05 no Taurupes uz skolu P\u0113cpusdien\u0101 uz m\u0101j\u0101m 1.reiss plkst. 14.50 no skolas uz \u0112rg\u013ciem (ceturdien\u0101s )2.reiss plkst. 15.30 no skolas uz \u0112rg\u013ciem 3.reiss plkst. 15.20 no skolas uz Taurupi<\/p>\n","protected":false},"author":1,"featured_media":0,"parent":694,"menu_order":3,"comment_status":"closed","ping_status":"closed","template":"","meta":{"_acf_changed":false,"footnotes":""},"class_list":["post-749","page","type-page","status-publish","hentry"],"acf":[],"_links":{"self":[{"href":"https:\/\/www.taurupesskola.lv\/mazozoli\/wp-json\/wp\/v2\/pages\/749","targetHints":{"allow":["GET"]}}],"collection":[{"href":"https:\/\/www.taurupesskola.lv\/mazozoli\/wp-json\/wp\/v2\/pages"}],"about":[{"href":"https:\/\/www.taurupesskola.lv\/mazozoli\/wp-json\/wp\/v2\/types\/page"}],"author":[{"embeddable":true,"href":"https:\/\/www.taurupesskola.lv\/mazozoli\/wp-json\/wp\/v2\/users\/1"}],"replies":[{"embeddable":true,"href":"https:\/\/www.taurupesskola.lv\/mazozoli\/wp-json\/wp\/v2\/comments?post=749"}],"version-history":[{"count":4,"href":"https:\/\/www.taurupesskola.lv\/mazozoli\/wp-json\/wp\/v2\/pages\/749\/revisions"}],"predecessor-version":[{"id":2041,"href":"https:\/\/www.taurupesskola.lv\/mazozoli\/wp-json\/wp\/v2\/pages\/749\/revisions\/2041"}],"up":[{"embeddable":true,"href":"https:\/\/www.taurupesskola.lv\/mazozoli\/wp-json\/wp\/v2\/pages\/694"}],"wp:attachment":[{"href":"https:\/\/www.taurupesskola.lv\/mazozoli\/wp-json\/wp\/v2\/media?parent=749"}],"curies":[{"name":"wp","href":"https:\/\/api.w.org\/{rel}","templated":true}]}}