{"id":202,"date":"2021-06-03T12:01:40","date_gmt":"2021-06-03T09:01:40","guid":{"rendered":"https:\/\/www.taurupesskola.lv\/mazozoli\/?page_id=202"},"modified":"2022-12-12T13:11:56","modified_gmt":"2022-12-12T13:11:56","slug":"skolas-telpas-vides","status":"publish","type":"page","link":"https:\/\/www.taurupesskola.lv\/mazozoli\/par-skolu\/skolas-telpas-vides\/","title":{"rendered":"M\u016bsu vide"},"content":{"rendered":"<p>Mazozolu skola atrodas pasakaini skaist\u0101, Vidzemes augstien\u0113 ar \u012bpa\u0161u auru apvelt\u012bta skola. Skola celta p\u0113c \u012bpa\u0161a projekta ar Holandes draudzes atbalstu.\u00a0 Skola atrodas klus\u0101, za\u013c\u0101 un \u013coti skaist\u0101 viet\u0101, me\u017ea ielok\u0101. Ir iesp\u0113jamas netrauc\u0113tas \u0101ra nodarb\u012bbas, ziem\u0101 hokeja laukums un sl\u0113po\u0161ana pie skolas eso\u0161aj\u0101 apk\u0101rtn\u0113.\u00a0 Br\u012bv\u0101 laik\u0101 pieejams atjaunots rota\u013cu laukums, da\u017e\u0101das sp\u0113les, ko sp\u0113l\u0113t skolas pagalm\u0101, vienm\u0113r ir svaigs gaiss un klusums.<\/p>\n","protected":false},"excerpt":{"rendered":"<p>Mazozolu skola atrodas pasakaini skaist\u0101, Vidzemes augstien\u0113 ar \u012bpa\u0161u auru apvelt\u012bta skola. Skola celta p\u0113c \u012bpa\u0161a projekta ar Holandes draudzes atbalstu.\u00a0 Skola atrodas klus\u0101, za\u013c\u0101 un \u013coti skaist\u0101 viet\u0101, me\u017ea ielok\u0101. Ir iesp\u0113jamas netrauc\u0113tas \u0101ra nodarb\u012bbas, ziem\u0101 hokeja laukums un sl\u0113po\u0161ana pie skolas eso\u0161aj\u0101 apk\u0101rtn\u0113.\u00a0 Br\u012bv\u0101 laik\u0101 pieejams atjaunots rota\u013cu laukums, da\u017e\u0101das sp\u0113les, ko sp\u0113l\u0113t [&hellip;]<\/p>\n","protected":false},"author":1,"featured_media":0,"parent":140,"menu_order":4,"comment_status":"closed","ping_status":"closed","template":"","meta":{"_acf_changed":false,"footnotes":""},"class_list":["post-202","page","type-page","status-publish","hentry"],"acf":[],"_links":{"self":[{"href":"https:\/\/www.taurupesskola.lv\/mazozoli\/wp-json\/wp\/v2\/pages\/202","targetHints":{"allow":["GET"]}}],"collection":[{"href":"https:\/\/www.taurupesskola.lv\/mazozoli\/wp-json\/wp\/v2\/pages"}],"about":[{"href":"https:\/\/www.taurupesskola.lv\/mazozoli\/wp-json\/wp\/v2\/types\/page"}],"author":[{"embeddable":true,"href":"https:\/\/www.taurupesskola.lv\/mazozoli\/wp-json\/wp\/v2\/users\/1"}],"replies":[{"embeddable":true,"href":"https:\/\/www.taurupesskola.lv\/mazozoli\/wp-json\/wp\/v2\/comments?post=202"}],"version-history":[{"count":9,"href":"https:\/\/www.taurupesskola.lv\/mazozoli\/wp-json\/wp\/v2\/pages\/202\/revisions"}],"predecessor-version":[{"id":1893,"href":"https:\/\/www.taurupesskola.lv\/mazozoli\/wp-json\/wp\/v2\/pages\/202\/revisions\/1893"}],"up":[{"embeddable":true,"href":"https:\/\/www.taurupesskola.lv\/mazozoli\/wp-json\/wp\/v2\/pages\/140"}],"wp:attachment":[{"href":"https:\/\/www.taurupesskola.lv\/mazozoli\/wp-json\/wp\/v2\/media?parent=202"}],"curies":[{"name":"wp","href":"https:\/\/api.w.org\/{rel}","templated":true}]}}