{"id":1830,"date":"2022-12-08T07:43:22","date_gmt":"2022-12-08T07:43:22","guid":{"rendered":"https:\/\/www.taurupesskola.lv\/mazozoli\/?page_id=1830"},"modified":"2022-12-09T12:07:14","modified_gmt":"2022-12-09T12:07:14","slug":"skolas-muzejs","status":"publish","type":"page","link":"https:\/\/www.taurupesskola.lv\/mazozoli\/skolas-muzejs\/","title":{"rendered":"Skolas muzejs"},"content":{"rendered":"<p>Apk\u0101rt\u0113j\u0101 sabiedr\u012bb\u0101 muzejs ir ieguvis iev\u0113rojamu popularit\u0101ti. To apmekl\u0113 Mazozolu pagasta un skolas viesi. Ikdien\u0101 bie\u017ei apmekl\u0113t\u0101ji ir izgl\u012btojamie, kas sav\u0101ktos un apkopotos materi\u0101lus izmanto p\u0113tniecisko darbu izstr\u0101d\u0113 un kompeten\u010du izgl\u012bt\u012bb\u0101. Muzej\u0101 regul\u0101ri tiek r\u012bkotas izst\u0101des un main\u012bta ekspoz\u012bcija, kas interesentus iepaz\u012bstina ar jauniem materi\u0101liem. Lai pilnveidotu materi\u0101lo b\u0101zi, tiek mekl\u0113tas iesp\u0113jas piedal\u012bties projektos. Piedaloties skolu muzeju skat\u0113 par godu Latvijas 100 gadu jubilejai, tika izc\u012bn\u012bts laure\u0101ta nosaukums, k\u0101 ar\u012b ir sa\u0146emti citi apbalvojumi.<br \/>\n2022.gad\u0101 Daigas Zamarinas un Veras Gruzni\u0146as kopsadarb\u012bb\u0101, izmantojot muzeja materi\u0101lus, ir izdota gr\u0101mata \u201cMazozoli gadu ritum\u0101\u201d. Gr\u0101mat\u0101 apkopoti v\u0113sturiskie un sadz\u012bviska rakstura notikumi, k\u0101 ar\u012b ir pieejams pla\u0161s p\u0113t\u012bjums par Mazozolu pagasta att\u012bst\u012bbu un p\u0101rmai\u0146\u0101m laiku grie\u017eos.<br \/>\nMuzeja ekspon\u0101ti ir apskat\u0101mi, sazinoties ar v\u0113stures skolot\u0101ju Daigu Zamarinu (tel.26129304)<\/p>\n","protected":false},"excerpt":{"rendered":"<p>Apk\u0101rt\u0113j\u0101 sabiedr\u012bb\u0101 muzejs ir ieguvis iev\u0113rojamu popularit\u0101ti. To apmekl\u0113 Mazozolu pagasta un skolas viesi. Ikdien\u0101 bie\u017ei apmekl\u0113t\u0101ji ir izgl\u012btojamie, kas sav\u0101ktos un apkopotos materi\u0101lus izmanto p\u0113tniecisko darbu izstr\u0101d\u0113 un kompeten\u010du izgl\u012bt\u012bb\u0101. Muzej\u0101 regul\u0101ri tiek r\u012bkotas izst\u0101des un main\u012bta ekspoz\u012bcija, kas interesentus iepaz\u012bstina ar jauniem materi\u0101liem. Lai pilnveidotu materi\u0101lo b\u0101zi, tiek mekl\u0113tas iesp\u0113jas piedal\u012bties projektos. Piedaloties [&hellip;]<\/p>\n","protected":false},"author":11,"featured_media":1883,"parent":0,"menu_order":0,"comment_status":"closed","ping_status":"closed","template":"","meta":{"_acf_changed":false,"footnotes":""},"class_list":["post-1830","page","type-page","status-publish","has-post-thumbnail","hentry"],"acf":[],"_links":{"self":[{"href":"https:\/\/www.taurupesskola.lv\/mazozoli\/wp-json\/wp\/v2\/pages\/1830","targetHints":{"allow":["GET"]}}],"collection":[{"href":"https:\/\/www.taurupesskola.lv\/mazozoli\/wp-json\/wp\/v2\/pages"}],"about":[{"href":"https:\/\/www.taurupesskola.lv\/mazozoli\/wp-json\/wp\/v2\/types\/page"}],"author":[{"embeddable":true,"href":"https:\/\/www.taurupesskola.lv\/mazozoli\/wp-json\/wp\/v2\/users\/11"}],"replies":[{"embeddable":true,"href":"https:\/\/www.taurupesskola.lv\/mazozoli\/wp-json\/wp\/v2\/comments?post=1830"}],"version-history":[{"count":2,"href":"https:\/\/www.taurupesskola.lv\/mazozoli\/wp-json\/wp\/v2\/pages\/1830\/revisions"}],"predecessor-version":[{"id":1886,"href":"https:\/\/www.taurupesskola.lv\/mazozoli\/wp-json\/wp\/v2\/pages\/1830\/revisions\/1886"}],"wp:featuredmedia":[{"embeddable":true,"href":"https:\/\/www.taurupesskola.lv\/mazozoli\/wp-json\/wp\/v2\/media\/1883"}],"wp:attachment":[{"href":"https:\/\/www.taurupesskola.lv\/mazozoli\/wp-json\/wp\/v2\/media?parent=1830"}],"curies":[{"name":"wp","href":"https:\/\/api.w.org\/{rel}","templated":true}]}}