{"id":1773,"date":"2022-11-30T12:59:37","date_gmt":"2022-11-30T12:59:37","guid":{"rendered":"https:\/\/www.taurupesskola.lv\/mazozoli\/?page_id=1773"},"modified":"2023-01-02T13:03:48","modified_gmt":"2023-01-02T13:03:48","slug":"pirmsskolas-grupas","status":"publish","type":"page","link":"https:\/\/www.taurupesskola.lv\/mazozoli\/pirmsskolas-grupas\/","title":{"rendered":"Pirmsskolas grupas"},"content":{"rendered":"<p><span style=\"color: #008000\"><em><strong>Skol\u0101 darbojas divas pirmsskolas grupas:<\/strong><\/em><\/span><\/p>\n<p><span style=\"color: #ff9900\"><em><strong>Saulstari\u0146i<\/strong> <\/em><\/span>&#8211; jaun\u0101k\u0101 vecuma b\u0113rni (audzin\u0101t\u0101jas Inga Me\u017eule un Santa Tobiase, aukl\u012bte GitaPu\u0137\u012bte)<\/p>\n<p><em><strong><span style=\"color: #ff9900\">5.\/6. gad\u012bgo grupa<\/span> <\/strong><\/em>(audzin\u0101t\u0101ja DaigaLiepi\u0146a)<\/p>\n<p>M\u0113s nodro\u0161in\u0101m atbilsto\u0161u vidi, sniedzot daudzveid\u012bgas un kvalitat\u012bvas iesp\u0113jas savu mazo audz\u0113k\u0146u fiziskajai un gar\u012bgajai att\u012bst\u012bbai.<\/p>\n","protected":false},"excerpt":{"rendered":"<p>Skol\u0101 darbojas divas pirmsskolas grupas: Saulstari\u0146i &#8211; jaun\u0101k\u0101 vecuma b\u0113rni (audzin\u0101t\u0101jas Inga Me\u017eule un Santa Tobiase, aukl\u012bte GitaPu\u0137\u012bte) 5.\/6. gad\u012bgo grupa (audzin\u0101t\u0101ja DaigaLiepi\u0146a) M\u0113s nodro\u0161in\u0101m atbilsto\u0161u vidi, sniedzot daudzveid\u012bgas un kvalitat\u012bvas iesp\u0113jas savu mazo audz\u0113k\u0146u fiziskajai un gar\u012bgajai att\u012bst\u012bbai.<\/p>\n","protected":false},"author":11,"featured_media":1824,"parent":0,"menu_order":0,"comment_status":"closed","ping_status":"closed","template":"","meta":{"_acf_changed":false,"footnotes":""},"class_list":["post-1773","page","type-page","status-publish","has-post-thumbnail","hentry"],"acf":[],"_links":{"self":[{"href":"https:\/\/www.taurupesskola.lv\/mazozoli\/wp-json\/wp\/v2\/pages\/1773","targetHints":{"allow":["GET"]}}],"collection":[{"href":"https:\/\/www.taurupesskola.lv\/mazozoli\/wp-json\/wp\/v2\/pages"}],"about":[{"href":"https:\/\/www.taurupesskola.lv\/mazozoli\/wp-json\/wp\/v2\/types\/page"}],"author":[{"embeddable":true,"href":"https:\/\/www.taurupesskola.lv\/mazozoli\/wp-json\/wp\/v2\/users\/11"}],"replies":[{"embeddable":true,"href":"https:\/\/www.taurupesskola.lv\/mazozoli\/wp-json\/wp\/v2\/comments?post=1773"}],"version-history":[{"count":9,"href":"https:\/\/www.taurupesskola.lv\/mazozoli\/wp-json\/wp\/v2\/pages\/1773\/revisions"}],"predecessor-version":[{"id":1942,"href":"https:\/\/www.taurupesskola.lv\/mazozoli\/wp-json\/wp\/v2\/pages\/1773\/revisions\/1942"}],"wp:featuredmedia":[{"embeddable":true,"href":"https:\/\/www.taurupesskola.lv\/mazozoli\/wp-json\/wp\/v2\/media\/1824"}],"wp:attachment":[{"href":"https:\/\/www.taurupesskola.lv\/mazozoli\/wp-json\/wp\/v2\/media?parent=1773"}],"curies":[{"name":"wp","href":"https:\/\/api.w.org\/{rel}","templated":true}]}}