{"id":1764,"date":"2022-11-30T09:04:54","date_gmt":"2022-11-30T09:04:54","guid":{"rendered":"https:\/\/www.taurupesskola.lv\/mazozoli\/?page_id=1764"},"modified":"2026-04-09T07:27:57","modified_gmt":"2026-04-09T07:27:57","slug":"kontakti-2","status":"publish","type":"page","link":"https:\/\/www.taurupesskola.lv\/mazozoli\/kontakti-2\/","title":{"rendered":"Kontakti"},"content":{"rendered":"<p><strong>Adrese:<\/strong> Ogres novads, Mazozoli, Skolas iela -3, Jaun\u0101 skola, LV 5065<\/p>\n<p><strong>epasts:<\/strong> mazozoluks@ogresnovads.lv<\/p>\n<p><strong>Fili\u0101les vad\u012bt\u0101ja:<\/strong> p.i. Liene Millere tel. 26463394<\/p>\n<p>&nbsp;<\/p>\n<p>&nbsp;<\/p>\n","protected":false},"excerpt":{"rendered":"<p>Adrese: Ogres novads, Mazozoli, Skolas iela -3, Jaun\u0101 skola, LV 5065 epasts: mazozoluks@ogresnovads.lv Fili\u0101les vad\u012bt\u0101ja: p.i. Liene Millere tel. 26463394 &nbsp; &nbsp;<\/p>\n","protected":false},"author":11,"featured_media":0,"parent":0,"menu_order":0,"comment_status":"closed","ping_status":"closed","template":"","meta":{"_acf_changed":false,"footnotes":""},"class_list":["post-1764","page","type-page","status-publish","hentry"],"acf":[],"_links":{"self":[{"href":"https:\/\/www.taurupesskola.lv\/mazozoli\/wp-json\/wp\/v2\/pages\/1764","targetHints":{"allow":["GET"]}}],"collection":[{"href":"https:\/\/www.taurupesskola.lv\/mazozoli\/wp-json\/wp\/v2\/pages"}],"about":[{"href":"https:\/\/www.taurupesskola.lv\/mazozoli\/wp-json\/wp\/v2\/types\/page"}],"author":[{"embeddable":true,"href":"https:\/\/www.taurupesskola.lv\/mazozoli\/wp-json\/wp\/v2\/users\/11"}],"replies":[{"embeddable":true,"href":"https:\/\/www.taurupesskola.lv\/mazozoli\/wp-json\/wp\/v2\/comments?post=1764"}],"version-history":[{"count":5,"href":"https:\/\/www.taurupesskola.lv\/mazozoli\/wp-json\/wp\/v2\/pages\/1764\/revisions"}],"predecessor-version":[{"id":2038,"href":"https:\/\/www.taurupesskola.lv\/mazozoli\/wp-json\/wp\/v2\/pages\/1764\/revisions\/2038"}],"wp:attachment":[{"href":"https:\/\/www.taurupesskola.lv\/mazozoli\/wp-json\/wp\/v2\/media?parent=1764"}],"curies":[{"name":"wp","href":"https:\/\/api.w.org\/{rel}","templated":true}]}}