{"id":1713,"date":"2022-11-28T13:16:27","date_gmt":"2022-11-28T13:16:27","guid":{"rendered":"https:\/\/www.taurupesskola.lv\/mazozoli\/?page_id=1713"},"modified":"2022-11-28T13:17:38","modified_gmt":"2022-11-28T13:17:38","slug":"no-skolas-vestures","status":"publish","type":"page","link":"https:\/\/www.taurupesskola.lv\/mazozoli\/no-skolas-vestures\/","title":{"rendered":"No skolas v\u0113stures"},"content":{"rendered":"<p>Mazozolu skolas v\u0113sture aizs\u0101kas 1765. gad\u0101, kad dibin\u0101ta Ogres draudzes skola jeb vec\u0101 skola. V\u0113l\u0101k \u0161aj\u0101 apvid\u016b darboj\u0101s Annas Rub\u012bnas priv\u0101tskola, kur\u0101 m\u0101c\u012bj\u0101s pats latvie\u0161u di\u017egars R\u016bdolfs Blaumanis. Par Mazozolu pamatskolas dibin\u0101\u0161anas gadu tiek uzskat\u012bts 1874. gads, kad Mazozolos uzcelta Ogres se\u0161u kla\u0161u pamatskola. Skolas apk\u0101rtne bijusi skaist\u0101k\u0101 vis\u0101 C\u0113su apri\u0146\u0137\u012b. Taj\u0101 visu darba m\u016b\u017eu str\u0101d\u0101jis skolas p\u0101rzinis Aleksandrs V\u012bksna, ilgus gadus str\u0101d\u0101ja skolot\u0101jas Elza Markava, Kl\u0101ra Nusberga. Interesanti, ka viens no skolas absolventiem bijis ar\u012b v\u0113l\u0101kais \u201cJaun\u0101ko Zi\u0146u\u201d un \u201cAtp\u016btas\u201d\u00a0izdev\u0113js Antons Benj\u0101mi\u0146\u0161. Gan bazn\u012bca, gan \u0161\u012b skola izn\u012bcin\u0101ta kara p\u0113d\u0113j\u0101 gad\u0101. P\u0113c kara l\u012bdz 1952. gadam Ogres septi\u0146gad\u012bg\u0101 skola bija izvietota div\u0101s m\u0101j\u0101s \u2013 \u201cBurtniekos\u201d un \u201cSt\u016br\u012b\u0161os\u201d, kas atrad\u0101s Ogresmui\u017eas teritorij\u0101. \u0160aj\u0101 skol\u0101 m\u0101c\u012bjusies dzejniece R\u016bta Venta.<\/p>\n<p>1952. gad\u0101 skola p\u0101rcelta uz biju\u0161\u0101 pagastnama \u0113ku \u201cVecogre\u201d, kur skola darboj\u0101s l\u012bdz pat 1999. gada septembrim. \u0160aj\u0101 laik\u0101 skolai biju\u0161i vair\u0101ki nosaukumi \u2013 l\u012bdz 1962. gadam Ogres septi\u0146gad\u012bg\u0101 skola, no 1962. l\u012bdz 1989. gadam \u2013 O\u0161kalna asto\u0146gad\u012bg\u0101 skola, \u00a0no 1989. l\u012bdz 1994. gadam \u2013 O\u0161kalna devi\u0146gad\u012bg\u0101 skola, no 1994. l\u012bdz 2011. gadam \u2013 Mazozolu pamatskola. P\u0113c skolu reorganiz\u0101cijas no 2011. l\u012bdz 2013. gadam \u2013 Taurupes vidusskolas Mazozolu fili\u0101le, \u0161obr\u012bd \u2013 Taurupes pamatskolas Mazozolu fili\u0101le.<\/p>\n<p>\u012apa\u0161s mirklis skolas v\u0113stur\u0113 ir 1996. gada j\u016bnijs, kad uzs\u0101kti pieb\u016bves darbi tr\u012bs gadu garum\u0101, pie jaun\u0101s skolas \u0113kas izb\u016bv\u0113jot b\u0113rnud\u0101rzu. Darbi notika ar Holandes Sv\u0113t\u0101s Tr\u012bsvien\u012bbas kato\u013cu draudzes (Oldenz\u0101les pils\u0113t\u0101) finansi\u0101lu atbalstu. Jaunaj\u0101 \u0113k\u0101 m\u0101c\u012bbas uzs\u0101ktas 1999. gada 1. septembr\u012b<\/p>\n","protected":false},"excerpt":{"rendered":"<p>Mazozolu skolas v\u0113sture aizs\u0101kas 1765. gad\u0101, kad dibin\u0101ta Ogres draudzes skola jeb vec\u0101 skola. V\u0113l\u0101k \u0161aj\u0101 apvid\u016b darboj\u0101s Annas Rub\u012bnas priv\u0101tskola, kur\u0101 m\u0101c\u012bj\u0101s pats latvie\u0161u di\u017egars R\u016bdolfs Blaumanis. Par Mazozolu pamatskolas dibin\u0101\u0161anas gadu tiek uzskat\u012bts 1874. gads, kad Mazozolos uzcelta Ogres se\u0161u kla\u0161u pamatskola. Skolas apk\u0101rtne bijusi skaist\u0101k\u0101 vis\u0101 C\u0113su apri\u0146\u0137\u012b. Taj\u0101 visu darba m\u016b\u017eu [&hellip;]<\/p>\n","protected":false},"author":11,"featured_media":0,"parent":0,"menu_order":0,"comment_status":"closed","ping_status":"closed","template":"","meta":{"_acf_changed":false,"footnotes":""},"class_list":["post-1713","page","type-page","status-publish","hentry"],"acf":[],"_links":{"self":[{"href":"https:\/\/www.taurupesskola.lv\/mazozoli\/wp-json\/wp\/v2\/pages\/1713","targetHints":{"allow":["GET"]}}],"collection":[{"href":"https:\/\/www.taurupesskola.lv\/mazozoli\/wp-json\/wp\/v2\/pages"}],"about":[{"href":"https:\/\/www.taurupesskola.lv\/mazozoli\/wp-json\/wp\/v2\/types\/page"}],"author":[{"embeddable":true,"href":"https:\/\/www.taurupesskola.lv\/mazozoli\/wp-json\/wp\/v2\/users\/11"}],"replies":[{"embeddable":true,"href":"https:\/\/www.taurupesskola.lv\/mazozoli\/wp-json\/wp\/v2\/comments?post=1713"}],"version-history":[{"count":2,"href":"https:\/\/www.taurupesskola.lv\/mazozoli\/wp-json\/wp\/v2\/pages\/1713\/revisions"}],"predecessor-version":[{"id":1715,"href":"https:\/\/www.taurupesskola.lv\/mazozoli\/wp-json\/wp\/v2\/pages\/1713\/revisions\/1715"}],"wp:attachment":[{"href":"https:\/\/www.taurupesskola.lv\/mazozoli\/wp-json\/wp\/v2\/media?parent=1713"}],"curies":[{"name":"wp","href":"https:\/\/api.w.org\/{rel}","templated":true}]}}