{"id":1605,"date":"2021-10-29T14:25:43","date_gmt":"2021-10-29T11:25:43","guid":{"rendered":"https:\/\/www.taurupesskola.lv\/mazozoli\/?page_id=1605"},"modified":"2021-10-29T14:25:43","modified_gmt":"2021-10-29T11:25:43","slug":"privatuma-politika","status":"publish","type":"page","link":"https:\/\/www.taurupesskola.lv\/mazozoli\/privatuma-politika\/","title":{"rendered":"Priv\u0101tuma politika"},"content":{"rendered":"<div class=\"page__content\">\n<p>\u0160\u012bs priv\u0101tuma politikas m\u0113r\u0137is ir inform\u0113t J\u016bs par to, k\u0101du J\u016bsu personisko inform\u0101ciju iev\u0101c un apstr\u0101d\u0101 SIA Turn Digital, re\u0123istr\u0101cijas nr. 40203026165, Artil\u0113rijas iela 3 \u2013 20A (turpm\u0101k tekst\u0101 \u2013 Piek\u013c\u016bstam\u012bba).<\/p>\n<h3>K\u0101da veida inform\u0101ciju m\u0113s no Jums iev\u0101cam<\/h3>\n<p>M\u0113s var\u0113tu no jums iev\u0101kt sekojo\u0161us personas datus:<\/p>\n<ul>\n<li>identifik\u0101cijas datus (v\u0101rds, uzv\u0101rds);<\/li>\n<li>kontaktinform\u0101ciju (t\u0101lru\u0146a numuru un e-pasta adresi);<\/li>\n<li>j\u016bsu att\u0113lus apm\u0101c\u012bbu laik\u0101;<\/li>\n<li>finan\u0161u inform\u0101ciju (r\u0113\u0137inu izrakst\u012b\u0161anas gad\u012bjumos);<\/li>\n<\/ul>\n<h3>Datu apstr\u0101des tiesiskie pamati un m\u0113r\u0137i<\/h3>\n<p>Dati nepiecie\u0161ami, lai nodro\u0161in\u0101tu kvalitat\u012bvu Piek\u013c\u016bstamm\u012bbas pakalpojumu snieg\u0161anu, izpild\u012btu oblig\u0101t\u0101s Eiropas Savien\u012bbas un Latvijas Republikas ties\u012bbu aktu pras\u012bbas, k\u0101 ar\u012b atsevi\u0161\u0137i dati var tikt iev\u0101kti, pamatojoties uz j\u016bsu piekri\u0161anu un m\u016bsu le\u0123it\u012bmaj\u0101m interes\u0113m \u0161\u0101dos nol\u016bkos:<\/p>\n<ul>\n<li>J\u016bsu pieteikuma apstr\u0101dei dal\u012bbai Piek\u013c\u016bstam\u012bbas m\u0101c\u012bb\u0101s;<\/li>\n<li>Lai sniegtu atbildes uz jebk\u0101diem j\u016bsu inform\u0101cijas piepras\u012bjumiem un nodro\u0161in\u0101tu efekt\u012bvu komunik\u0101ciju;<\/li>\n<li>Piek\u013c\u016bstam\u012bbas m\u0101c\u012bbu organiz\u0113\u0161anai un reklam\u0113\u0161anai;<\/li>\n<li>Statistikas vajadz\u012bb\u0101m, lai analiz\u0113tu r\u0101d\u012bt\u0101jus, kuri pal\u012bdz mums savas darb\u012bbas pl\u0101no\u0161anai;<\/li>\n<\/ul>\n<h3>Datu konfidencialit\u0101te<\/h3>\n<p>Jebk\u0101da veida inform\u0101cija par to, ka esat piedal\u012bjies Piek\u013c\u016bstam\u012bbas m\u0101c\u012bb\u0101s, k\u0101 ar\u012b m\u0101c\u012bb\u0101s run\u0101tais, ir konfidenci\u0101la un netiks izpausta tre\u0161aj\u0101m person\u0101m, iz\u0146emot:<\/p>\n<ul>\n<li>Ar J\u016bsu rakstisku piekri\u0161anu;<\/li>\n<li>Lai izpild\u012btu Eiropas Savien\u012bbas\/Latvijas Republikas ties\u012bbu aktu pras\u012bbas.<\/li>\n<\/ul>\n<h3>Datu uzglab\u0101\u0161anas laiks<\/h3>\n<p>M\u0113s glab\u0101sim j\u016bsu datus, cik ilgi tas ir nepiecie\u0161ams, lai:<\/p>\n<ul>\n<li>Nodro\u0161in\u0101tu kvalitat\u012bvas Piek\u013c\u016bstam\u012bbas m\u0101c\u012bbas \u0161obr\u012bd un ilgtermi\u0146\u0101;<\/li>\n<li>Aizsarg\u0101tu savas intereses s\u016bdz\u012bbu un pras\u012bbu gad\u012bjumos, kas var\u0113tu tikt iesniegtas pret mums;<\/li>\n<li>Izpild\u012btu Eiropas Savien\u012bbas\/Latvijas Republikas ties\u012bbu aktu pras\u012bbas.<\/li>\n<\/ul>\n<p>Parasti m\u0113s glab\u0101sim j\u016bsu datus divus gadus no komunik\u0101cijas uzs\u0101k\u0161anas par Piek\u013c\u016bstam\u012bbas m\u0101c\u012bb\u0101m. \u0160\u0101ds laiks nepiecie\u0161ams, lai jau biju\u0161u m\u0101c\u012bbu dal\u012bbnieku p\u0101r\u0101k bie\u017ei neuzrun\u0101tu atk\u0101rtoti.<\/p>\n<h3>Datu nodo\u0161ana<\/h3>\n<p>M\u0113s varam nodot j\u016bsu datus tre\u0161aj\u0101m person\u0101m gad\u012bjumos, kad to nosaka ties\u012bbu akti.<\/p>\n<p>M\u0113s nenodosim j\u016bsu datus tre\u0161aj\u0101m person\u0101m m\u0101rketinga vajadz\u012bb\u0101m, ja vien j\u016bs tam neesat piekritu\u0161i.<\/p>\n<h3>Datu dro\u0161\u012bba<\/h3>\n<p>J\u016bsu dati tiks glab\u0101ti:<\/p>\n<ul>\n<li>Piek\u013c\u016bstam\u012bbas iniciat\u012bvas ekspertu datoros, pielietojot sapr\u0101t\u012bgus tehnolo\u0123iskus un organizatoriskus pas\u0101kumus, kas ir pieejami, lai nodro\u0161in\u0101tos pret neat\u013cautu piek\u013cuvi.<\/li>\n<li>CRM \u201cCustomer Relation Management\u201d. Sist\u0113mas funkcij\u0101s ietilpst konkr\u0113tu uzdevumu veido\u0161ana katram kontaktam, kontra\u0123entam vai dar\u012bjumam t\u0101d\u0101 veid\u0101, lai ne par vienu neaizmirstu.<\/li>\n<\/ul>\n<h3>Datu piek\u013cuve un labo\u0161ana<\/h3>\n<p>Jums ir ties\u012bbas piepras\u012bt inform\u0101ciju par sevi, kas ir m\u016bsu r\u012bc\u012bb\u0101, t.i., izmantot datu subjekta piek\u013cuves ties\u012bbas. T\u0101pat jums ir ties\u012bbas piepras\u012bt, lai m\u0113s labotu un papildin\u0101tu m\u016bsu r\u012bc\u012bb\u0101 eso\u0161us datus, kas var\u0113tu b\u016bt neprec\u012bzi vai kas ir main\u012bju\u0161ies, kop\u0161 j\u016bs mums to nodev\u0101t, k\u0101 ar\u012b jums ir ties\u012bbas piepras\u012bt savu datu dz\u0113\u0161anu. \u0160\u0101dus piepras\u012bjumus variet\u00a0 nos\u016bt\u012bt uz e-pastu pieklustamiba@turn.lv.<\/p>\n<h3>Iebildumi pret datu izmanto\u0161anu<\/h3>\n<p>J\u016bs varat piepras\u012bt, lai m\u0113s ierobe\u017eojam veidus, k\u0101dos m\u0113s izmantojam j\u016bsu datus, vai iebilst atsevi\u0161\u0137iem apstr\u0101des veidiem. Jums ir ties\u012bbas jebkur\u0101 laik\u0101 atsaukt savu piekri\u0161anu personas datu apstr\u0101dei, kurai t\u0101 sniegta.<\/p>\n<p>Jebk\u0101das uzzi\u0146as vai jaut\u0101jumi par j\u016bsu datu izmanto\u0161anas veidu var tikt nos\u016bt\u012bti uz e-pastu<\/p>\n<p><a href=\"mailto:macibas@pieklustamiba.lv\">macibas@pieklustamiba.lv<\/a>.<\/p>\n<h3>Datu p\u0101rnesam\u012bba<\/h3>\n<p>Jums ir ties\u012bbas piepras\u012bt, lai, iev\u0113rojot j\u016bsu vajadz\u012bbas, m\u0113s nos\u016bt\u0101m j\u016bsu personas datus, kurus j\u016bs esat mums sniedzis\/sniegusi, citam p\u0101rzinim.<\/p>\n<h3>Ties\u012bbas iesniegt s\u016bdz\u012bbu<\/h3>\n<p>Ja J\u016bs v\u0113laties iesniegt s\u016bdz\u012bbu par m\u016bsu r\u012bc\u012bbu datu apstr\u0101d\u0113, j\u016bs varat kontakt\u0113ties ar mums, l\u016bdzot izskat\u012bt gad\u012bjumu un iesniedzot to, izmantojot e-pastu\u00a0<a href=\"mailto:macibas@pieklustamiba.lv\">macibas@pieklustamiba.lv<\/a>.<\/p>\n<p>Ja j\u016bs neapmierin\u0101s m\u016bsu atbilde vai j\u016bs uzskat\u012bsiet, ka m\u0113s veicam personas datu apstr\u0101di pret\u0113ji ties\u012bbu aktu pras\u012bb\u0101m, j\u016bs varat iesniegt s\u016bdz\u012bbu uzraudz\u012bbas iest\u0101dei \u2013 Datu valsts inspekcijai. S\u012bk\u0101ku inform\u0101ciju var atrast m\u0101jas lap\u0101 www.dvi.gov.lv.<\/p>\n<p>Apstiprinu:<\/p>\n<p>Valdes loceklis<\/p>\n<p>P\u0113teris Jur\u010denko<\/p>\n<p>St\u0101jas sp\u0113k\u0101 08.01.2021.<\/p>\n<\/div>\n","protected":false},"excerpt":{"rendered":"<p>\u0160\u012bs priv\u0101tuma politikas m\u0113r\u0137is ir inform\u0113t J\u016bs par to, k\u0101du J\u016bsu personisko inform\u0101ciju iev\u0101c un apstr\u0101d\u0101 SIA Turn Digital, re\u0123istr\u0101cijas nr. 40203026165, Artil\u0113rijas iela 3 \u2013 20A (turpm\u0101k tekst\u0101 \u2013 Piek\u013c\u016bstam\u012bba). K\u0101da veida inform\u0101ciju m\u0113s no Jums iev\u0101cam M\u0113s var\u0113tu no jums iev\u0101kt sekojo\u0161us personas datus: identifik\u0101cijas datus (v\u0101rds, uzv\u0101rds); kontaktinform\u0101ciju (t\u0101lru\u0146a numuru un e-pasta [&hellip;]<\/p>\n","protected":false},"author":1,"featured_media":0,"parent":0,"menu_order":0,"comment_status":"closed","ping_status":"closed","template":"","meta":{"_acf_changed":false,"footnotes":""},"class_list":["post-1605","page","type-page","status-publish","hentry"],"acf":[],"_links":{"self":[{"href":"https:\/\/www.taurupesskola.lv\/mazozoli\/wp-json\/wp\/v2\/pages\/1605","targetHints":{"allow":["GET"]}}],"collection":[{"href":"https:\/\/www.taurupesskola.lv\/mazozoli\/wp-json\/wp\/v2\/pages"}],"about":[{"href":"https:\/\/www.taurupesskola.lv\/mazozoli\/wp-json\/wp\/v2\/types\/page"}],"author":[{"embeddable":true,"href":"https:\/\/www.taurupesskola.lv\/mazozoli\/wp-json\/wp\/v2\/users\/1"}],"replies":[{"embeddable":true,"href":"https:\/\/www.taurupesskola.lv\/mazozoli\/wp-json\/wp\/v2\/comments?post=1605"}],"version-history":[{"count":0,"href":"https:\/\/www.taurupesskola.lv\/mazozoli\/wp-json\/wp\/v2\/pages\/1605\/revisions"}],"wp:attachment":[{"href":"https:\/\/www.taurupesskola.lv\/mazozoli\/wp-json\/wp\/v2\/media?parent=1605"}],"curies":[{"name":"wp","href":"https:\/\/api.w.org\/{rel}","templated":true}]}}