{"id":1004,"date":"2021-06-30T15:20:44","date_gmt":"2021-06-30T12:20:44","guid":{"rendered":"https:\/\/www.taurupesskola.lv\/mazozoli\/?page_id=1004"},"modified":"2021-06-30T15:20:44","modified_gmt":"2021-06-30T12:20:44","slug":"sasniegumi-2020-2021","status":"publish","type":"page","link":"https:\/\/www.taurupesskola.lv\/mazozoli\/par-skolu\/sasniegumi-2020-2021\/","title":{"rendered":"Sasniegumi"},"content":{"rendered":"<h2>M\u016bzik\u0101<\/h2>\n<p><strong>18. Jauno pianistu et\u012b\u017eu konkurss 24.11.2021. Saldus MS<\/strong><\/p>\n<p>Atzin\u012bba &#8211; Alise V\u0101cere, 4. klavieru klase, skolot\u0101ja Antra Upeniece.<br \/>\nAtzin\u012bba &#8211; Margarita Harbachova, 7. klavieru klase, skolot\u0101ja Antra Upeniece.<\/p>\n<p><strong>II Zemgales re\u0123iona profesion\u0101l\u0101s ievirzes m\u016bzikas skolu Sitaminstrumentu sp\u0113les audz\u0113k\u0146u konkurss 15.01.2020. Jelgavas MV<\/strong><\/p>\n<p>III vieta \u2013 Sofija Stankus, 4. sitaminstrumentu klase, skolot\u0101ja Agnese Missa, koncertmeistare Nat\u0101lija Stir\u0101ne<\/p>\n<p><strong>Latvijas profesion\u0101l\u0101s ievirzes m\u016bzikas izgl\u012bt\u012bbas iest\u0101\u017eu izgl\u012bt\u012bbas programmas Tausti\u0146instrumentu sp\u0113le \u2013 Akordeona sp\u0113le audz\u0113k\u0146u Valsts konkursa II k\u0101rta 22.01.2020. Jelgavas MV<\/strong><\/p>\n<p>III vieta \u2013 L\u012bva Solovjakova, 1. akordeona klase, skolot\u0101ja Anta Pu\u0137\u012bte<br \/>\nIII vieta \u2013 Lu\u012bze Loreta Tr\u016bpa, 5. akordeona klase, skolot\u0101ja Ed\u012bte Br\u016bni\u0146a<\/p>\n<h2>M\u0101ksl\u0101<\/h2>\n<p><strong>Konkurss \u201cUzglezno pavasari\u201d 24.11.2019. Saldus MS<\/strong><\/p>\n<p>Atzin\u012bba &#8211; Alise V\u0101cere, 4. b klase, skolot\u0101ja Antra Upeniece.<br \/>\nAtzin\u012bba &#8211; Margarita Harbachova, 7. b klase, skolot\u0101ja Antra Upeniece.<\/p>\n<p><img loading=\"lazy\" decoding=\"async\" class=\"alignnone size-medium wp-image-491\" src=\"http:\/\/www.taurupesskola.lv\/mazozoli\/wp-content\/uploads\/2021\/06\/DSC03954-300x200.jpg\" alt=\"\" width=\"300\" height=\"200\" \/> <img loading=\"lazy\" decoding=\"async\" class=\"alignnone size-medium wp-image-490\" src=\"http:\/\/www.taurupesskola.lv\/mazozoli\/wp-content\/uploads\/2021\/06\/DSC04022-300x200.jpg\" alt=\"\" width=\"300\" height=\"200\" \/><\/p>\n<p><strong>Konkurss \u201cRadi, rot\u0101, r\u0101di\u201d 15.01.2020. Jelgavas MV<\/strong><\/p>\n<p>III vieta \u2013 Sofija Stankus, 4. b klase, skolot\u0101ja Agnese Missa<\/p>\n<h2>Olimpi\u0101des<\/h2>\n<p><strong>Novada Matem\u0101tikas olimpi\u0101de 24.11.2019. Saldus MS<\/strong><\/p>\n<p>Atzin\u012bba &#8211; Alise V\u0101cere, 4. c klase, skolot\u0101ja Antra Upeniece.<br \/>\nAtzin\u012bba &#8211; Margarita Harbachova, 7. a klase, skolot\u0101ja Antra Upeniece.<\/p>\n<p><strong>II Zemgales re\u0123iona Latvie\u0161u valodas olimpi\u0101de 15.01.2020. Jelgavas MV<\/strong><\/p>\n<p>III vieta \u2013 Sofija Stankus, 4. e klase, skolot\u0101ja Agnese Missa, koncertmeistare Nat\u0101lija Stir\u0101ne<\/p>\n","protected":false},"excerpt":{"rendered":"<p>M\u016bzik\u0101 18. Jauno pianistu et\u012b\u017eu konkurss 24.11.2021. Saldus MS Atzin\u012bba &#8211; Alise V\u0101cere, 4. klavieru klase, skolot\u0101ja Antra Upeniece. Atzin\u012bba &#8211; Margarita Harbachova, 7. klavieru klase, skolot\u0101ja Antra Upeniece. II Zemgales re\u0123iona profesion\u0101l\u0101s ievirzes m\u016bzikas skolu Sitaminstrumentu sp\u0113les audz\u0113k\u0146u konkurss 15.01.2020. Jelgavas MV III vieta \u2013 Sofija Stankus, 4. sitaminstrumentu klase, skolot\u0101ja Agnese Missa, koncertmeistare [&hellip;]<\/p>\n","protected":false},"author":1,"featured_media":0,"parent":140,"menu_order":8,"comment_status":"closed","ping_status":"closed","template":"","meta":{"_acf_changed":false,"footnotes":""},"class_list":["post-1004","page","type-page","status-publish","hentry"],"acf":[],"_links":{"self":[{"href":"https:\/\/www.taurupesskola.lv\/mazozoli\/wp-json\/wp\/v2\/pages\/1004","targetHints":{"allow":["GET"]}}],"collection":[{"href":"https:\/\/www.taurupesskola.lv\/mazozoli\/wp-json\/wp\/v2\/pages"}],"about":[{"href":"https:\/\/www.taurupesskola.lv\/mazozoli\/wp-json\/wp\/v2\/types\/page"}],"author":[{"embeddable":true,"href":"https:\/\/www.taurupesskola.lv\/mazozoli\/wp-json\/wp\/v2\/users\/1"}],"replies":[{"embeddable":true,"href":"https:\/\/www.taurupesskola.lv\/mazozoli\/wp-json\/wp\/v2\/comments?post=1004"}],"version-history":[{"count":0,"href":"https:\/\/www.taurupesskola.lv\/mazozoli\/wp-json\/wp\/v2\/pages\/1004\/revisions"}],"up":[{"embeddable":true,"href":"https:\/\/www.taurupesskola.lv\/mazozoli\/wp-json\/wp\/v2\/pages\/140"}],"wp:attachment":[{"href":"https:\/\/www.taurupesskola.lv\/mazozoli\/wp-json\/wp\/v2\/media?parent=1004"}],"curies":[{"name":"wp","href":"https:\/\/api.w.org\/{rel}","templated":true}]}}